{"id":49,"date":"2024-09-17T11:58:26","date_gmt":"2024-09-17T11:58:26","guid":{"rendered":"https:\/\/nachhaltigsichtbarwerden.de\/?page_id=49"},"modified":"2024-09-17T12:51:27","modified_gmt":"2024-09-17T12:51:27","slug":"impressum","status":"publish","type":"page","link":"https:\/\/nachhaltigsichtbarwerden.de\/?page_id=49","title":{"rendered":"Impressum"},"content":{"rendered":"\t\t<div data-elementor-type=\"wp-page\" data-elementor-id=\"49\" class=\"elementor elementor-49\">\n\t\t\t\t<div class=\"elementor-element elementor-element-3fb6faf e-flex e-con-boxed e-con e-parent\" data-id=\"3fb6faf\" data-element_type=\"container\" data-settings=\"{&quot;background_background&quot;:&quot;classic&quot;}\">\n\t\t\t\t\t<div class=\"e-con-inner\">\n\t\t<div class=\"elementor-element elementor-element-1f69955d e-con-full e-flex e-con e-child\" data-id=\"1f69955d\" data-element_type=\"container\">\n\t\t\t\t<div class=\"elementor-element elementor-element-56ccada0 elementor-widget elementor-widget-text-editor\" data-id=\"56ccada0\" data-element_type=\"widget\" data-widget_type=\"text-editor.default\">\n\t\t\t\t<div class=\"elementor-widget-container\">\n\t\t\t\t\t\t\t<p>Nachhaltig Sichtbar Werden<\/p>\t\t\t\t\t\t<\/div>\n\t\t\t\t<\/div>\n\t\t\t\t<div class=\"elementor-element elementor-element-3413fb36 elementor-widget elementor-widget-text-editor\" data-id=\"3413fb36\" data-element_type=\"widget\" data-widget_type=\"text-editor.default\">\n\t\t\t\t<div class=\"elementor-widget-container\">\n\t\t\t\t\t\t\t<p>Coaching | Beratung | Mediale Sichtbarkeit<\/p>\t\t\t\t\t\t<\/div>\n\t\t\t\t<\/div>\n\t\t\t\t<\/div>\n\t\t<div class=\"elementor-element elementor-element-7d14fccc e-con-full e-flex e-con e-child\" data-id=\"7d14fccc\" data-element_type=\"container\">\n\t\t\t\t<div class=\"elementor-element elementor-element-248d6dfc elementor-widget elementor-widget-text-editor\" data-id=\"248d6dfc\" data-element_type=\"widget\" data-widget_type=\"text-editor.default\">\n\t\t\t\t<div class=\"elementor-widget-container\">\n\t\t\t\t\t\t\t<p>E-Mail: info@nachhaltigsichtbarwerden.de<\/p>\t\t\t\t\t\t<\/div>\n\t\t\t\t<\/div>\n\t\t\t\t<div class=\"elementor-element elementor-element-3c480594 elementor-hidden-mobile elementor-widget elementor-widget-text-editor\" data-id=\"3c480594\" data-element_type=\"widget\" data-widget_type=\"text-editor.default\">\n\t\t\t\t<div class=\"elementor-widget-container\">\n\t\t\t\t\t\t\t<p>Tel.: 0155 \/ 60 60 58 60<\/p>\t\t\t\t\t\t<\/div>\n\t\t\t\t<\/div>\n\t\t\t\t<\/div>\n\t\t<div class=\"elementor-element elementor-element-36c6e9af e-con-full e-flex e-con e-child\" data-id=\"36c6e9af\" data-element_type=\"container\">\n\t\t\t\t<div class=\"elementor-element elementor-element-30321896 elementor-widget elementor-widget-image\" data-id=\"30321896\" data-element_type=\"widget\" data-widget_type=\"image.default\">\n\t\t\t\t<div class=\"elementor-widget-container\">\n\t\t\t\t\t\t\t\t\t\t\t\t\t<img fetchpriority=\"high\" decoding=\"async\" width=\"300\" height=\"300\" src=\"https:\/\/nachhaltigsichtbarwerden.de\/wp-content\/uploads\/Icon-Nachhaltig-Sichtbar-Werden-gelb-300x300.jpg\" class=\"attachment-medium size-medium wp-image-30\" alt=\"\" srcset=\"https:\/\/nachhaltigsichtbarwerden.de\/wp-content\/uploads\/Icon-Nachhaltig-Sichtbar-Werden-gelb-300x300.jpg 300w, https:\/\/nachhaltigsichtbarwerden.de\/wp-content\/uploads\/Icon-Nachhaltig-Sichtbar-Werden-gelb-1024x1024.jpg 1024w, https:\/\/nachhaltigsichtbarwerden.de\/wp-content\/uploads\/Icon-Nachhaltig-Sichtbar-Werden-gelb-150x150.jpg 150w, https:\/\/nachhaltigsichtbarwerden.de\/wp-content\/uploads\/Icon-Nachhaltig-Sichtbar-Werden-gelb-768x768.jpg 768w, https:\/\/nachhaltigsichtbarwerden.de\/wp-content\/uploads\/Icon-Nachhaltig-Sichtbar-Werden-gelb.jpg 1080w\" sizes=\"(max-width: 300px) 100vw, 300px\" \/>\t\t\t\t\t\t\t\t\t\t\t\t\t<\/div>\n\t\t\t\t<\/div>\n\t\t\t\t<\/div>\n\t\t\t\t\t<\/div>\n\t\t\t\t<\/div>\n\t\t<div class=\"elementor-element elementor-element-36e0816 e-flex e-con-boxed e-con e-parent\" data-id=\"36e0816\" data-element_type=\"container\">\n\t\t\t\t\t<div class=\"e-con-inner\">\n\t\t<div class=\"elementor-element elementor-element-8d7e5ee e-con-full e-flex e-con e-child\" data-id=\"8d7e5ee\" data-element_type=\"container\">\n\t\t\t\t<div class=\"elementor-element elementor-element-d0c4053 elementor-widget elementor-widget-heading\" data-id=\"d0c4053\" data-element_type=\"widget\" data-widget_type=\"heading.default\">\n\t\t\t\t<div class=\"elementor-widget-container\">\n\t\t\t<h1 class=\"elementor-heading-title elementor-size-default\">Impressum<\/h1>\t\t<\/div>\n\t\t\t\t<\/div>\n\t\t\t\t<div class=\"elementor-element elementor-element-0d120ac elementor-widget elementor-widget-text-editor\" data-id=\"0d120ac\" data-element_type=\"widget\" data-widget_type=\"text-editor.default\">\n\t\t\t\t<div class=\"elementor-widget-container\">\n\t\t\t\t\t\t\t<p><strong>Nachhaltig Sichtbar Werden<br \/><\/strong><\/p><p>Melanie Hildebrand<\/p><p>Hauptstra\u00dfe 27<\/p><p>76889 Dierbach<\/p><p>E-Mail: info@nachhaltigsichtbarwerden.de<\/p><p>Tel.: 06340 \/ 919 9810<\/p><p>www.nachhaltigsichtbarwerden.de<\/p>\t\t\t\t\t\t<\/div>\n\t\t\t\t<\/div>\n\t\t\t\t<div class=\"elementor-element elementor-element-4bb3aab elementor-widget elementor-widget-heading\" data-id=\"4bb3aab\" data-element_type=\"widget\" data-widget_type=\"heading.default\">\n\t\t\t\t<div class=\"elementor-widget-container\">\n\t\t\t<h1 class=\"elementor-heading-title elementor-size-default\">Urheberrecht<\/h1>\t\t<\/div>\n\t\t\t\t<\/div>\n\t\t\t\t<div class=\"elementor-element elementor-element-4151fb1 elementor-widget elementor-widget-text-editor\" data-id=\"4151fb1\" data-element_type=\"widget\" data-widget_type=\"text-editor.default\">\n\t\t\t\t<div class=\"elementor-widget-container\">\n\t\t\t\t\t\t\t<p>Alle Inhalte dieses Angebots, wie Bilder, Grafiken, Symbole und Texte unterliegen dem Urheberrecht. Wenn nicht anders angegeben, liegt das Urheberrecht bei Nachhaltig Sichtbar Werden. Jede Ver\u00e4nderung und Weitergabe, sowie das Kopieren, Vervielf\u00e4ltigen, Verwenden von Daten von Nachhaltig Sichtbar Werden &#8211; Website ist ohne ausdr\u00fcckliche schriftliche Genehmigung von Nachhaltig Sichtbar Werden verboten, dazu geh\u00f6rt auch das Einbinden in eine andere Webseite bzw. jede sonstige Verwendung. Dies gilt auch f\u00fcr die Speicherung und\/oder Vervielf\u00e4ltigung in Datenbanken und auf Datentr\u00e4gern.<\/p>\t\t\t\t\t\t<\/div>\n\t\t\t\t<\/div>\n\t\t\t\t<\/div>\n\t\t<div class=\"elementor-element elementor-element-a723f03 e-con-full e-flex e-con e-child\" data-id=\"a723f03\" data-element_type=\"container\">\n\t\t\t\t<div class=\"elementor-element elementor-element-06d9f9b elementor-widget elementor-widget-image\" data-id=\"06d9f9b\" data-element_type=\"widget\" data-widget_type=\"image.default\">\n\t\t\t\t<div class=\"elementor-widget-container\">\n\t\t\t\t\t\t\t\t\t\t\t\t\t<img decoding=\"async\" width=\"800\" height=\"800\" src=\"https:\/\/nachhaltigsichtbarwerden.de\/wp-content\/uploads\/Logo-Nachhaltig-Sichtbar-Werden-transparent-1024x1024.png\" class=\"attachment-large size-large wp-image-75\" alt=\"\" srcset=\"https:\/\/nachhaltigsichtbarwerden.de\/wp-content\/uploads\/Logo-Nachhaltig-Sichtbar-Werden-transparent-1024x1024.png 1024w, https:\/\/nachhaltigsichtbarwerden.de\/wp-content\/uploads\/Logo-Nachhaltig-Sichtbar-Werden-transparent-300x300.png 300w, https:\/\/nachhaltigsichtbarwerden.de\/wp-content\/uploads\/Logo-Nachhaltig-Sichtbar-Werden-transparent-150x150.png 150w, https:\/\/nachhaltigsichtbarwerden.de\/wp-content\/uploads\/Logo-Nachhaltig-Sichtbar-Werden-transparent-768x768.png 768w, https:\/\/nachhaltigsichtbarwerden.de\/wp-content\/uploads\/Logo-Nachhaltig-Sichtbar-Werden-transparent.png 1080w\" sizes=\"(max-width: 800px) 100vw, 800px\" \/>\t\t\t\t\t\t\t\t\t\t\t\t\t<\/div>\n\t\t\t\t<\/div>\n\t\t\t\t<\/div>\n\t\t\t\t\t<\/div>\n\t\t\t\t<\/div>\n\t\t<div class=\"elementor-element elementor-element-68ee695 e-flex e-con-boxed e-con e-parent\" data-id=\"68ee695\" data-element_type=\"container\" data-settings=\"{&quot;background_background&quot;:&quot;classic&quot;}\">\n\t\t\t\t\t<div class=\"e-con-inner\">\n\t\t<div class=\"elementor-element elementor-element-1bacca44 e-con-full e-flex e-con e-child\" data-id=\"1bacca44\" data-element_type=\"container\">\n\t\t\t\t<div class=\"elementor-element elementor-element-739d94ce elementor-widget elementor-widget-text-editor\" data-id=\"739d94ce\" data-element_type=\"widget\" data-widget_type=\"text-editor.default\">\n\t\t\t\t<div class=\"elementor-widget-container\">\n\t\t\t\t\t\t\t<p><a href=\"https:\/\/nachhaltigsichtbarwerden.de\/?page_id=49\">Impressum<\/a> | <a href=\"https:\/\/nachhaltigsichtbarwerden.de\/?page_id=12\">Datenschutz<\/a><\/p>\t\t\t\t\t\t<\/div>\n\t\t\t\t<\/div>\n\t\t\t\t<\/div>\n\t\t<div class=\"elementor-element elementor-element-29cf6b32 e-con-full e-flex e-con e-child\" data-id=\"29cf6b32\" data-element_type=\"container\">\n\t\t\t\t<div class=\"elementor-element elementor-element-65124c0e elementor-widget elementor-widget-image\" data-id=\"65124c0e\" data-element_type=\"widget\" data-widget_type=\"image.default\">\n\t\t\t\t<div class=\"elementor-widget-container\">\n\t\t\t\t\t\t\t\t\t\t\t\t\t<img fetchpriority=\"high\" decoding=\"async\" width=\"300\" height=\"300\" src=\"https:\/\/nachhaltigsichtbarwerden.de\/wp-content\/uploads\/Icon-Nachhaltig-Sichtbar-Werden-gelb-300x300.jpg\" class=\"attachment-medium size-medium wp-image-30\" alt=\"\" srcset=\"https:\/\/nachhaltigsichtbarwerden.de\/wp-content\/uploads\/Icon-Nachhaltig-Sichtbar-Werden-gelb-300x300.jpg 300w, https:\/\/nachhaltigsichtbarwerden.de\/wp-content\/uploads\/Icon-Nachhaltig-Sichtbar-Werden-gelb-1024x1024.jpg 1024w, https:\/\/nachhaltigsichtbarwerden.de\/wp-content\/uploads\/Icon-Nachhaltig-Sichtbar-Werden-gelb-150x150.jpg 150w, https:\/\/nachhaltigsichtbarwerden.de\/wp-content\/uploads\/Icon-Nachhaltig-Sichtbar-Werden-gelb-768x768.jpg 768w, https:\/\/nachhaltigsichtbarwerden.de\/wp-content\/uploads\/Icon-Nachhaltig-Sichtbar-Werden-gelb.jpg 1080w\" sizes=\"(max-width: 300px) 100vw, 300px\" \/>\t\t\t\t\t\t\t\t\t\t\t\t\t<\/div>\n\t\t\t\t<\/div>\n\t\t\t\t<\/div>\n\t\t<div class=\"elementor-element elementor-element-6e529c9 e-con-full e-flex e-con e-child\" data-id=\"6e529c9\" data-element_type=\"container\">\n\t\t\t\t<div class=\"elementor-element elementor-element-7ceb9d4f elementor-widget elementor-widget-text-editor\" data-id=\"7ceb9d4f\" data-element_type=\"widget\" data-widget_type=\"text-editor.default\">\n\t\t\t\t<div class=\"elementor-widget-container\">\n\t\t\t\t\t\t\t<p><a href=\"mailto:info@nachhaltigsichtbarwerden.de\">info@nachhaltigsichtbarwerden.de<\/a><\/p>\t\t\t\t\t\t<\/div>\n\t\t\t\t<\/div>\n\t\t\t\t<\/div>\n\t\t\t\t\t<\/div>\n\t\t\t\t<\/div>\n\t\t\t\t<\/div>\n\t\t","protected":false},"excerpt":{"rendered":"<p>Nachhaltig Sichtbar Werden Coaching | Beratung | Mediale Sichtbarkeit E-Mail: info@nachhaltigsichtbarwerden.de Tel.: 0155 \/ 60 60 58 60 Impressum Nachhaltig Sichtbar Werden Melanie Hildebrand Hauptstra\u00dfe 27 76889 Dierbach E-Mail: info@nachhaltigsichtbarwerden.de Tel.: 06340 \/ 919 9810 www.nachhaltigsichtbarwerden.de Urheberrecht Alle Inhalte dieses Angebots, wie Bilder, Grafiken, Symbole und Texte unterliegen dem Urheberrecht. Wenn nicht anders angegeben, liegt [&hellip;]<\/p>\n","protected":false},"author":1,"featured_media":0,"parent":0,"menu_order":0,"comment_status":"closed","ping_status":"closed","template":"","meta":{"footnotes":""},"class_list":["post-49","page","type-page","status-publish","hentry"],"_links":{"self":[{"href":"https:\/\/nachhaltigsichtbarwerden.de\/index.php?rest_route=\/wp\/v2\/pages\/49","targetHints":{"allow":["GET"]}}],"collection":[{"href":"https:\/\/nachhaltigsichtbarwerden.de\/index.php?rest_route=\/wp\/v2\/pages"}],"about":[{"href":"https:\/\/nachhaltigsichtbarwerden.de\/index.php?rest_route=\/wp\/v2\/types\/page"}],"author":[{"embeddable":true,"href":"https:\/\/nachhaltigsichtbarwerden.de\/index.php?rest_route=\/wp\/v2\/users\/1"}],"replies":[{"embeddable":true,"href":"https:\/\/nachhaltigsichtbarwerden.de\/index.php?rest_route=%2Fwp%2Fv2%2Fcomments&post=49"}],"version-history":[{"count":16,"href":"https:\/\/nachhaltigsichtbarwerden.de\/index.php?rest_route=\/wp\/v2\/pages\/49\/revisions"}],"predecessor-version":[{"id":103,"href":"https:\/\/nachhaltigsichtbarwerden.de\/index.php?rest_route=\/wp\/v2\/pages\/49\/revisions\/103"}],"wp:attachment":[{"href":"https:\/\/nachhaltigsichtbarwerden.de\/index.php?rest_route=%2Fwp%2Fv2%2Fmedia&parent=49"}],"curies":[{"name":"wp","href":"https:\/\/api.w.org\/{rel}","templated":true}]}}